{"id":488,"date":"2024-06-07T13:30:28","date_gmt":"2024-06-07T13:30:28","guid":{"rendered":"https:\/\/villarichter.de\/?page_id=488"},"modified":"2024-06-07T13:32:48","modified_gmt":"2024-06-07T13:32:48","slug":"tuecher-und-stoffe","status":"publish","type":"page","link":"https:\/\/villarichter.de\/?page_id=488","title":{"rendered":"T\u00fccher und Stoffe"},"content":{"rendered":"\n<p>Hier findet Ihr viele gewebte Stoffe. Einige wurden bereits in T\u00fccher umgestaltet mit sch\u00f6nen Bord\u00fcren. Aber auch geh\u00e4kelte oder gestrickte T\u00fccher sind hier zu finden. <\/p>\n\n\n\n\t<div class='ngg-imagebrowser default-view'\n\t\tid='ngg-imagebrowser-56a4cf12f34d27eb5c422fc7d67bc773-488'\n\t\tdata-nextgen-gallery-id=\"56a4cf12f34d27eb5c422fc7d67bc773\">\n\n\t\t<h3>Tuch-Buntes-Viereck<\/h3>\n\n\t\t<div id=\"ngg-image-0\" class=\"pic\" \n\t\t\t\t\t>\n\t\t<a href='https:\/\/villarichter.de\/wp-content\/gallery\/tuecher-und-stoffe\/Tuch-Buntes-Viereck.jpg'\n\t\t\ttitle=' '\n\t\t\tdata-src=\"https:\/\/villarichter.de\/wp-content\/gallery\/tuecher-und-stoffe\/Tuch-Buntes-Viereck.jpg\"\n\t\t\tdata-thumbnail=\"https:\/\/villarichter.de\/wp-content\/gallery\/tuecher-und-stoffe\/thumbs\/thumbs-Tuch-Buntes-Viereck.jpg\"\n\t\t\tdata-image-id=\"77\"\n\t\t\tdata-title=\"Tuch-Buntes-Viereck\"\n\t\t\tdata-description=\" \"\n\t\t\tclass=\"ngg-simplelightbox\" rel=\"56a4cf12f34d27eb5c422fc7d67bc773\">\n\t\t\t<img title='Tuch-Buntes-Viereck'\n\t\t\t\talt='Tuch-Buntes-Viereck'\n\t\t\t\tsrc='https:\/\/villarichter.de\/wp-content\/gallery\/tuecher-und-stoffe\/Tuch-Buntes-Viereck.jpg'\/>\n\t\t<\/a>\n\t\t\n\t\t<\/div>\n\t\t<div class='ngg-imagebrowser-nav'>\n\n\t\t\t<div class='back'>\n\t\t\t\t<a class='ngg-browser-prev'\n\t\t\t\t\tid='ngg-prev-78'\n\t\t\t\t\thref='https:\/\/villarichter.de\/index.php\/nggallery\/image\/tuch-buntes-viereck2?page_id=488'>\n\t\t\t\t\t<i class=\"fa fa-chevron-left\" aria-hidden=\"true\"><\/i>\n\t\t\t\t<\/a>\n\t\t\t<\/div>\n\n\t\t\t<div class='next'>\n\t\t\t\t<a class='ngg-browser-next'\n\t\t\t\t\tid='ngg-next-78'\n\t\t\t\t\thref='https:\/\/villarichter.de\/index.php\/nggallery\/image\/tuch-buntes-viereck2?page_id=488'>\n\t\t\t\t\t<i class=\"fa fa-chevron-right\" aria-hidden=\"true\"><\/i>\n\t\t\t\t<\/a>\n\t\t\t<\/div>\n\n\t\t\t<div class='counter'>\n\t\t\t\tBild\t\t\t\t1\t\t\t\tvon\t\t\t\t2\t\t\t<\/div>\n\n\t\t\t<div class='ngg-imagebrowser-desc'>\n\t\t\t\t<p> <\/p>\n\t\t\t<\/div>\n\n\t\t<\/div>\n\t<\/div>\n\n","protected":false},"excerpt":{"rendered":"<p>Hier findet Ihr viele gewebte Stoffe. Einige wurden bereits in T\u00fccher umgestaltet mit sch\u00f6nen Bord\u00fcren. Aber auch geh\u00e4kelte oder gestrickte T\u00fccher sind hier zu finden.<\/p>\n","protected":false},"author":1,"featured_media":0,"parent":0,"menu_order":0,"comment_status":"closed","ping_status":"closed","template":"","meta":{"ngg_post_thumbnail":0,"footnotes":""},"_links":{"self":[{"href":"https:\/\/villarichter.de\/index.php?rest_route=\/wp\/v2\/pages\/488"}],"collection":[{"href":"https:\/\/villarichter.de\/index.php?rest_route=\/wp\/v2\/pages"}],"about":[{"href":"https:\/\/villarichter.de\/index.php?rest_route=\/wp\/v2\/types\/page"}],"author":[{"embeddable":true,"href":"https:\/\/villarichter.de\/index.php?rest_route=\/wp\/v2\/users\/1"}],"replies":[{"embeddable":true,"href":"https:\/\/villarichter.de\/index.php?rest_route=%2Fwp%2Fv2%2Fcomments&post=488"}],"version-history":[{"count":2,"href":"https:\/\/villarichter.de\/index.php?rest_route=\/wp\/v2\/pages\/488\/revisions"}],"predecessor-version":[{"id":494,"href":"https:\/\/villarichter.de\/index.php?rest_route=\/wp\/v2\/pages\/488\/revisions\/494"}],"wp:attachment":[{"href":"https:\/\/villarichter.de\/index.php?rest_route=%2Fwp%2Fv2%2Fmedia&parent=488"}],"curies":[{"name":"wp","href":"https:\/\/api.w.org\/{rel}","templated":true}]}}