{"id":430,"date":"2024-05-27T16:37:40","date_gmt":"2024-05-27T16:37:40","guid":{"rendered":"https:\/\/villarichter.de\/?page_id=430"},"modified":"2024-06-02T09:37:46","modified_gmt":"2024-06-02T09:37:46","slug":"verkauft","status":"publish","type":"page","link":"https:\/\/villarichter.de\/?page_id=430","title":{"rendered":"Verkauft"},"content":{"rendered":"\n<p>Hier findet Ihr alle Teile, die bereits verkauft wurden. Dies geschieht aus dem Grund, dass Ihr seht, was ich so alles mache, bzw. gemacht habe. Und falls Euch etwas besonders gef\u00e4llt, kann ich es mit einer anderen Wolle vielleicht \u00e4hnlich noch einmal erstellen. Also meldet Euch, wenn etwas dabei ist, was Euch besonders gef\u00e4llt unter <a href=\"mailto:Tatjana@villarichter.de\">Tatjana@villarichter.de<\/a> . <\/p>\n\n\n\n\t<div class='ngg-imagebrowser default-view'\n\t\tid='ngg-imagebrowser-b3384bf6d1bde0253d0e6b008b87b514-430'\n\t\tdata-nextgen-gallery-id=\"b3384bf6d1bde0253d0e6b008b87b514\">\n\n\t\t<h3>Martins-Socken<\/h3>\n\n\t\t<div id=\"ngg-image-0\" class=\"pic\" \n\t\t\t\t\t>\n\t\t<a href='https:\/\/villarichter.de\/wp-content\/gallery\/verkauft\/Martins-Socken.jpg'\n\t\t\ttitle=' '\n\t\t\tdata-src=\"https:\/\/villarichter.de\/wp-content\/gallery\/verkauft\/Martins-Socken.jpg\"\n\t\t\tdata-thumbnail=\"https:\/\/villarichter.de\/wp-content\/gallery\/verkauft\/thumbs\/thumbs-Martins-Socken.jpg\"\n\t\t\tdata-image-id=\"73\"\n\t\t\tdata-title=\"Martins-Socken\"\n\t\t\tdata-description=\" \"\n\t\t\tclass=\"ngg-simplelightbox\" rel=\"b3384bf6d1bde0253d0e6b008b87b514\">\n\t\t\t<img title='Martins-Socken'\n\t\t\t\talt='Martins-Socken'\n\t\t\t\tsrc='https:\/\/villarichter.de\/wp-content\/gallery\/verkauft\/Martins-Socken.jpg'\/>\n\t\t<\/a>\n\t\t\n\t\t<\/div>\n\t\t<div class='ngg-imagebrowser-nav'>\n\n\t\t\t<div class='back'>\n\t\t\t\t<a class='ngg-browser-prev'\n\t\t\t\t\tid='ngg-prev-65'\n\t\t\t\t\thref='https:\/\/villarichter.de\/index.php\/nggallery\/image\/tuchfeuerhimmel3?page_id=430'>\n\t\t\t\t\t<i class=\"fa fa-chevron-left\" aria-hidden=\"true\"><\/i>\n\t\t\t\t<\/a>\n\t\t\t<\/div>\n\n\t\t\t<div class='next'>\n\t\t\t\t<a class='ngg-browser-next'\n\t\t\t\t\tid='ngg-next-93'\n\t\t\t\t\thref='https:\/\/villarichter.de\/index.php\/nggallery\/image\/traum-in-rosa?page_id=430'>\n\t\t\t\t\t<i class=\"fa fa-chevron-right\" aria-hidden=\"true\"><\/i>\n\t\t\t\t<\/a>\n\t\t\t<\/div>\n\n\t\t\t<div class='counter'>\n\t\t\t\tBild\t\t\t\t1\t\t\t\tvon\t\t\t\t24\t\t\t<\/div>\n\n\t\t\t<div class='ngg-imagebrowser-desc'>\n\t\t\t\t<p> <\/p>\n\t\t\t<\/div>\n\n\t\t<\/div>\n\t<\/div>\n\n","protected":false},"excerpt":{"rendered":"<p>Hier findet Ihr alle Teile, die bereits verkauft wurden. Dies geschieht aus dem Grund, dass Ihr seht, was ich so alles mache, bzw. gemacht habe. Und falls Euch etwas besonders gef\u00e4llt, kann ich es mit einer anderen Wolle vielleicht \u00e4hnlich noch einmal erstellen. Also meldet Euch, wenn etwas dabei ist, was Euch besonders gef\u00e4llt unter&hellip;<\/p>\n","protected":false},"author":1,"featured_media":0,"parent":0,"menu_order":0,"comment_status":"closed","ping_status":"closed","template":"","meta":{"ngg_post_thumbnail":0,"footnotes":""},"_links":{"self":[{"href":"https:\/\/villarichter.de\/index.php?rest_route=\/wp\/v2\/pages\/430"}],"collection":[{"href":"https:\/\/villarichter.de\/index.php?rest_route=\/wp\/v2\/pages"}],"about":[{"href":"https:\/\/villarichter.de\/index.php?rest_route=\/wp\/v2\/types\/page"}],"author":[{"embeddable":true,"href":"https:\/\/villarichter.de\/index.php?rest_route=\/wp\/v2\/users\/1"}],"replies":[{"embeddable":true,"href":"https:\/\/villarichter.de\/index.php?rest_route=%2Fwp%2Fv2%2Fcomments&post=430"}],"version-history":[{"count":2,"href":"https:\/\/villarichter.de\/index.php?rest_route=\/wp\/v2\/pages\/430\/revisions"}],"predecessor-version":[{"id":467,"href":"https:\/\/villarichter.de\/index.php?rest_route=\/wp\/v2\/pages\/430\/revisions\/467"}],"wp:attachment":[{"href":"https:\/\/villarichter.de\/index.php?rest_route=%2Fwp%2Fv2%2Fmedia&parent=430"}],"curies":[{"name":"wp","href":"https:\/\/api.w.org\/{rel}","templated":true}]}}