{"id":38,"date":"2019-01-12T17:22:18","date_gmt":"2019-01-12T17:22:18","guid":{"rendered":"http:\/\/villarichter.de\/?page_id=38"},"modified":"2024-06-06T12:29:47","modified_gmt":"2024-06-06T12:29:47","slug":"wanderreitstation","status":"publish","type":"page","link":"https:\/\/villarichter.de\/?page_id=38","title":{"rendered":"Wanderreitstation"},"content":{"rendered":"\n<p><strong><a href=\"http:\/\/www.bissingen-teck.de\/\" target=\"_blank\" rel=\"noreferrer noopener\">Bissingen an der Teck<\/a><\/strong>, am Fu\u00dfe der schw\u00e4bischen Alb, ist der ideale Ausgangspunkt, um am n\u00e4chsten Tag auf die <strong>schw\u00e4bische Alb<\/strong> zu reiten. Da meine Pferde in der Regel von Anfang Mai bis Ende September ganzt\u00e4gig auf meinen ca. 2,2 Ha Weiden leben, steht der Offenstall am Haus leer. <br>Dieser besteht aus einem Innenstall, davor ein \u00fcberdachter Teil, gegen\u00fcber noch einmal ein \u00fcberdachter Bereich und einem Sandplatz von ca. 15 auf 15 m. Hier k\u00f6nnen bis zu 6 Pferde eine Unterkunft finden, entweder freilaufend oder aber abgetrennt in einzelnen Bereichen. Den <strong>Pferden<\/strong> steht Heu, Stroh und Wasser zur Verf\u00fcgung (Kraftfutter auf Anfrage). F\u00fcr die <strong>Reiter\/innen<\/strong> bieten wir eine \u00dcbernachtung in unserer \u201e<strong>Wanderreitstation Villarichter<\/strong>\u201c an. Hier k\u00f6nnen bis zu sechs Personen in Betten auf Matratzen und weitere 6 Personen auf Feldbetten im mitgebrachten Schlafsack \u00fcbernachten. Der Raum liegt \u00fcber unserer Sattelkammer und wurde liebevoll in langj\u00e4hriger Handarbeit sehr einfach und rustikal ausgebaut. Im Jahre 2018 wurde ein separates Bad, bestehend aus WC, Dusche und Gastro-Sp\u00fcltisch, direkt bei der Station erstellt. Auch Handt\u00fccher und Badeutensilien stehen zur Verf\u00fcgung. <br>F\u00fcr das <strong>leibliche Wohl<\/strong> der ReiterInnen ist ebenfalls gesorgt. Je nach Wetter und W\u00fcnsche der ReiterInnen bieten wir entweder einen Grillabend, deftige Nudelpfanne, Pizza oder aber ein z\u00fcnftiges Vesper an. Das <strong>Fr\u00fchst\u00fcck<\/strong> kann ebenfalls bei uns eingenommen werden. Hier tischen wir den G\u00e4sten ein regionales Bio- Fr\u00fchst\u00fcck mit Brot, Brezeln, Marmelade, Honig, Fr\u00fchst\u00fccksei, Wurst, K\u00e4se und Schinken, eigener Apfelsaft, Kaffee und Tee auf. Es reicht auch immer f\u00fcr ein Satteltaschen-Vesper!<\/p>\n\n\n\n<p><strong>Preise f\u00fcr ReiterInnen:<\/strong><br><strong>\u00dcbernachtung eines Pferdes&nbsp;<\/strong>im Stall oder auf der Weide, Heu, Stroh enthalten  <strong>20,- Euro <\/strong>(Kraftfutter kann gegen Aufpreis besorgt werden!)  <br><strong>\u00dcbernachtung eines Reiters\/Reiterin<\/strong> im eigenen Schlafsack in der Wanderreitstation auf Betten (max. 6 Pl\u00e4tze)&nbsp;&nbsp;&nbsp;&nbsp;&nbsp; <strong>18,- Euro<\/strong>&nbsp;&nbsp;&nbsp;&nbsp;&nbsp;&nbsp;&nbsp;&nbsp;&nbsp;&nbsp;&nbsp;&nbsp;&nbsp;&nbsp;&nbsp;&nbsp;&nbsp;&nbsp; <br><strong>Leihgeb\u00fchr<\/strong> f\u00fcr einen Inlet-Schlafsack mit Decken    <strong>5,- Euro<\/strong> <br><strong>Regionales Bio-Fr\u00fchst\u00fcck<\/strong> enthalten Brot\/Br\u00f6tchen, Ei, Marmelade, Schinken, Wurst, K\u00e4se, Obst usw.,  2 Tassen Kaffee oder Tee                  <strong>12,- Euro<\/strong>  (genug f\u00fcr ein Satteltaschen-Vesper!)<br>Abendessen auf Anfrage<\/p>\n\n\n\n<p><strong>Preise f\u00fcr NichtreiterInnen\/Wanderer\/RadfahrerInnen\/ sonstige G\u00e4ste:<\/strong><br>Die obigen Preise sind aufgrund der Pferde eine Mischkalkulation.  <br><strong>\u00dcbernachtung eines anderen Gastes<\/strong> im eigenen Schlafsack in der Wanderreitstation auf Betten (max. 6 Pl\u00e4tze)&nbsp;&nbsp;&nbsp;&nbsp;&nbsp; <strong>20,- Euro<\/strong>&nbsp;&nbsp;&nbsp;&nbsp;&nbsp;&nbsp;&nbsp;&nbsp;&nbsp;&nbsp;&nbsp;&nbsp;&nbsp;&nbsp;&nbsp;&nbsp;&nbsp;&nbsp; <br><strong>Leihgeb\u00fchr<\/strong> f\u00fcr einen Inlet-Schlafsack mit Decken    <strong>5,- Euro<\/strong> <br><strong>Endreinigung: 15,- Euro<\/strong><br>Da die &#8222;normalen&#8220; G\u00e4ste im Normalfall mobiler sind, bieten wir hier kein Fr\u00fchst\u00fcck\/Abendessen an. <\/p>\n\n\n\n<p>In der Station steht ein best\u00fcckter K\u00fchlschrank mit Getr\u00e4nken, die extra berechnet werden. <br>Bei Interesse bitte einfach melden unter <a href=\"mailto:tatjana@villarichter.de\">tatjana@villarichter.de<\/a> oder 01573-4347453. <br>Wir freuen uns auf Euch!<br>PS: Besucht uns auch auf Facebook unter: <br><a href=\"https:\/\/www.facebook.com\/WanderreitstationVillarichter\/?eid=ARA9wby8yzhUrO6XfIwt8qPNFwTaanB7HVFqqjC_Z1u5LKLrQm0EnjweWIZuyP1JjEG4Uae9r8XY_phY \">https:\/\/www.facebook.com\/WanderreitstationVillarichter\/?eid=ARA9wby8yzhUrO6XfIwt8qPNFwTaanB7HVFqqjC_Z1u5LKLrQm0EnjweWIZuyP1JjEG4Uae9r8XY_phY <\/a> <br><\/p>\n\n\n\n<figure class=\"wp-block-gallery has-nested-images columns-default is-cropped wp-block-gallery-1 is-layout-flex wp-block-gallery-is-layout-flex\">\n<figure class=\"wp-block-image size-large\"><img loading=\"lazy\" decoding=\"async\" width=\"1000\" height=\"667\" data-id=\"195\" src=\"https:\/\/villarichter.de\/wp-content\/uploads\/2019\/12\/WRSBad-Klein.jpg\" alt=\"\" class=\"wp-image-195\" srcset=\"https:\/\/villarichter.de\/wp-content\/uploads\/2019\/12\/WRSBad-Klein.jpg 1000w, https:\/\/villarichter.de\/wp-content\/uploads\/2019\/12\/WRSBad-Klein-300x200.jpg 300w, https:\/\/villarichter.de\/wp-content\/uploads\/2019\/12\/WRSBad-Klein-768x512.jpg 768w\" sizes=\"(max-width: 1000px) 100vw, 1000px\" \/><\/figure>\n\n\n\n<figure class=\"wp-block-image size-large\"><img loading=\"lazy\" decoding=\"async\" width=\"1000\" height=\"667\" data-id=\"196\" src=\"https:\/\/villarichter.de\/wp-content\/uploads\/2019\/12\/WRSDrau\u00dfen-Klein.jpg\" alt=\"\" class=\"wp-image-196\" srcset=\"https:\/\/villarichter.de\/wp-content\/uploads\/2019\/12\/WRSDrau\u00dfen-Klein.jpg 1000w, https:\/\/villarichter.de\/wp-content\/uploads\/2019\/12\/WRSDrau\u00dfen-Klein-300x200.jpg 300w, https:\/\/villarichter.de\/wp-content\/uploads\/2019\/12\/WRSDrau\u00dfen-Klein-768x512.jpg 768w\" sizes=\"(max-width: 1000px) 100vw, 1000px\" \/><\/figure>\n\n\n\n<figure class=\"wp-block-image size-large\"><img loading=\"lazy\" decoding=\"async\" width=\"666\" height=\"1000\" data-id=\"197\" src=\"https:\/\/villarichter.de\/wp-content\/uploads\/2019\/12\/WRSDusche-Klein.jpg\" alt=\"\" class=\"wp-image-197\" srcset=\"https:\/\/villarichter.de\/wp-content\/uploads\/2019\/12\/WRSDusche-Klein.jpg 666w, https:\/\/villarichter.de\/wp-content\/uploads\/2019\/12\/WRSDusche-Klein-200x300.jpg 200w\" sizes=\"(max-width: 666px) 100vw, 666px\" \/><\/figure>\n\n\n\n<figure class=\"wp-block-image size-large\"><img loading=\"lazy\" decoding=\"async\" width=\"682\" height=\"1024\" data-id=\"198\" src=\"https:\/\/villarichter.de\/wp-content\/uploads\/2019\/12\/HJR-5D2-46103-682x1024.jpg\" alt=\"\" class=\"wp-image-198\" srcset=\"https:\/\/villarichter.de\/wp-content\/uploads\/2019\/12\/HJR-5D2-46103-682x1024.jpg 682w, https:\/\/villarichter.de\/wp-content\/uploads\/2019\/12\/HJR-5D2-46103-200x300.jpg 200w, https:\/\/villarichter.de\/wp-content\/uploads\/2019\/12\/HJR-5D2-46103-768x1152.jpg 768w, https:\/\/villarichter.de\/wp-content\/uploads\/2019\/12\/HJR-5D2-46103.jpg 1333w\" sizes=\"(max-width: 682px) 100vw, 682px\" \/><\/figure>\n\n\n\n<figure class=\"wp-block-image size-large\"><img loading=\"lazy\" decoding=\"async\" width=\"1024\" height=\"682\" data-id=\"199\" src=\"https:\/\/villarichter.de\/wp-content\/uploads\/2019\/12\/HJR-5D2-46104-1024x682.jpg\" alt=\"\" class=\"wp-image-199\" srcset=\"https:\/\/villarichter.de\/wp-content\/uploads\/2019\/12\/HJR-5D2-46104-1024x682.jpg 1024w, https:\/\/villarichter.de\/wp-content\/uploads\/2019\/12\/HJR-5D2-46104-300x200.jpg 300w, https:\/\/villarichter.de\/wp-content\/uploads\/2019\/12\/HJR-5D2-46104-768x512.jpg 768w, https:\/\/villarichter.de\/wp-content\/uploads\/2019\/12\/HJR-5D2-46104.jpg 2000w\" sizes=\"(max-width: 1024px) 100vw, 1024px\" \/><\/figure>\n\n\n\n<figure class=\"wp-block-image size-large\"><img loading=\"lazy\" decoding=\"async\" width=\"1024\" height=\"768\" data-id=\"200\" src=\"https:\/\/villarichter.de\/wp-content\/uploads\/2019\/12\/IMG_20190918_192508-1024x768.jpg\" alt=\"\" class=\"wp-image-200\" srcset=\"https:\/\/villarichter.de\/wp-content\/uploads\/2019\/12\/IMG_20190918_192508-1024x768.jpg 1024w, https:\/\/villarichter.de\/wp-content\/uploads\/2019\/12\/IMG_20190918_192508-300x225.jpg 300w, https:\/\/villarichter.de\/wp-content\/uploads\/2019\/12\/IMG_20190918_192508-768x576.jpg 768w, https:\/\/villarichter.de\/wp-content\/uploads\/2019\/12\/IMG_20190918_192508-120x90.jpg 120w\" sizes=\"(max-width: 1024px) 100vw, 1024px\" \/><\/figure>\n<\/figure>\n\n\n\n<figure class=\"wp-block-gallery has-nested-images columns-default is-cropped wp-block-gallery-2 is-layout-flex wp-block-gallery-is-layout-flex\">\n<figure class=\"wp-block-image size-large\"><img loading=\"lazy\" decoding=\"async\" width=\"532\" height=\"1024\" data-id=\"133\" src=\"https:\/\/villarichter.de\/wp-content\/uploads\/2019\/01\/63-532x1024.jpg\" alt=\"\" class=\"wp-image-133\" srcset=\"https:\/\/villarichter.de\/wp-content\/uploads\/2019\/01\/63-532x1024.jpg 532w, https:\/\/villarichter.de\/wp-content\/uploads\/2019\/01\/63-156x300.jpg 156w, https:\/\/villarichter.de\/wp-content\/uploads\/2019\/01\/63-768x1479.jpg 768w, https:\/\/villarichter.de\/wp-content\/uploads\/2019\/01\/63.jpg 779w\" sizes=\"(max-width: 532px) 100vw, 532px\" \/><figcaption class=\"wp-element-caption\">Mitglied bei &#8222;&gt;Mittlere Alb zu Pferde e. V.&#8220;<\/figcaption><\/figure>\n\n\n\n<figure class=\"wp-block-image size-large\"><img loading=\"lazy\" decoding=\"async\" width=\"683\" height=\"1024\" data-id=\"134\" src=\"https:\/\/villarichter.de\/wp-content\/uploads\/2019\/01\/73-683x1024.jpg\" alt=\"\" class=\"wp-image-134\" srcset=\"https:\/\/villarichter.de\/wp-content\/uploads\/2019\/01\/73-683x1024.jpg 683w, https:\/\/villarichter.de\/wp-content\/uploads\/2019\/01\/73-200x300.jpg 200w, https:\/\/villarichter.de\/wp-content\/uploads\/2019\/01\/73-768x1152.jpg 768w, https:\/\/villarichter.de\/wp-content\/uploads\/2019\/01\/73.jpg 1000w\" sizes=\"(max-width: 683px) 100vw, 683px\" \/><figcaption class=\"wp-element-caption\">Selbst auf gro\u00dfer Tour<\/figcaption><\/figure>\n\n\n\n<figure class=\"wp-block-image size-large\"><img loading=\"lazy\" decoding=\"async\" width=\"1024\" height=\"683\" data-id=\"135\" src=\"https:\/\/villarichter.de\/wp-content\/uploads\/2019\/01\/80-1024x683.jpg\" alt=\"\" class=\"wp-image-135\" srcset=\"https:\/\/villarichter.de\/wp-content\/uploads\/2019\/01\/80-1024x683.jpg 1024w, https:\/\/villarichter.de\/wp-content\/uploads\/2019\/01\/80-300x200.jpg 300w, https:\/\/villarichter.de\/wp-content\/uploads\/2019\/01\/80-768x512.jpg 768w, https:\/\/villarichter.de\/wp-content\/uploads\/2019\/01\/80.jpg 1500w\" sizes=\"(max-width: 1024px) 100vw, 1024px\" \/><figcaption class=\"wp-element-caption\">Mosaik in der Station<\/figcaption><\/figure>\n\n\n\n<figure class=\"wp-block-image size-large\"><img loading=\"lazy\" decoding=\"async\" width=\"1024\" height=\"683\" data-id=\"136\" src=\"https:\/\/villarichter.de\/wp-content\/uploads\/2019\/01\/133-1024x683.jpg\" alt=\"\" class=\"wp-image-136\" srcset=\"https:\/\/villarichter.de\/wp-content\/uploads\/2019\/01\/133-1024x683.jpg 1024w, https:\/\/villarichter.de\/wp-content\/uploads\/2019\/01\/133-300x200.jpg 300w, https:\/\/villarichter.de\/wp-content\/uploads\/2019\/01\/133-768x512.jpg 768w, https:\/\/villarichter.de\/wp-content\/uploads\/2019\/01\/133.jpg 1500w\" sizes=\"(max-width: 1024px) 100vw, 1024px\" \/><figcaption class=\"wp-element-caption\">Essecke in der Station<\/figcaption><\/figure>\n\n\n\n<figure class=\"wp-block-image size-large\"><img loading=\"lazy\" decoding=\"async\" width=\"1024\" height=\"683\" data-id=\"137\" src=\"https:\/\/villarichter.de\/wp-content\/uploads\/2019\/01\/189-1024x683.jpg\" alt=\"\" class=\"wp-image-137\" srcset=\"https:\/\/villarichter.de\/wp-content\/uploads\/2019\/01\/189-1024x683.jpg 1024w, https:\/\/villarichter.de\/wp-content\/uploads\/2019\/01\/189-300x200.jpg 300w, https:\/\/villarichter.de\/wp-content\/uploads\/2019\/01\/189-768x512.jpg 768w, https:\/\/villarichter.de\/wp-content\/uploads\/2019\/01\/189.jpg 1500w\" sizes=\"(max-width: 1024px) 100vw, 1024px\" \/><figcaption class=\"wp-element-caption\">Schlafecke in der Station<\/figcaption><\/figure>\n\n\n\n<figure class=\"wp-block-image size-large\"><img loading=\"lazy\" decoding=\"async\" width=\"1024\" height=\"683\" data-id=\"138\" src=\"https:\/\/villarichter.de\/wp-content\/uploads\/2019\/01\/212-1024x683.jpg\" alt=\"\" class=\"wp-image-138\" srcset=\"https:\/\/villarichter.de\/wp-content\/uploads\/2019\/01\/212-1024x683.jpg 1024w, https:\/\/villarichter.de\/wp-content\/uploads\/2019\/01\/212-300x200.jpg 300w, https:\/\/villarichter.de\/wp-content\/uploads\/2019\/01\/212-768x512.jpg 768w, https:\/\/villarichter.de\/wp-content\/uploads\/2019\/01\/212.jpg 1500w\" sizes=\"(max-width: 1024px) 100vw, 1024px\" \/><figcaption class=\"wp-element-caption\">&#8222;Horse-Watching-Point&#8220;<\/figcaption><\/figure>\n\n\n\n<figure class=\"wp-block-image size-large\"><img loading=\"lazy\" decoding=\"async\" width=\"1024\" height=\"683\" data-id=\"139\" src=\"https:\/\/villarichter.de\/wp-content\/uploads\/2019\/01\/223a-1024x683.jpg\" alt=\"\" class=\"wp-image-139\" srcset=\"https:\/\/villarichter.de\/wp-content\/uploads\/2019\/01\/223a-1024x683.jpg 1024w, https:\/\/villarichter.de\/wp-content\/uploads\/2019\/01\/223a-300x200.jpg 300w, https:\/\/villarichter.de\/wp-content\/uploads\/2019\/01\/223a-768x512.jpg 768w, https:\/\/villarichter.de\/wp-content\/uploads\/2019\/01\/223a.jpg 1500w\" sizes=\"(max-width: 1024px) 100vw, 1024px\" \/><\/figure>\n\n\n\n<figure class=\"wp-block-image size-large\"><img loading=\"lazy\" decoding=\"async\" width=\"708\" height=\"1024\" data-id=\"140\" src=\"https:\/\/villarichter.de\/wp-content\/uploads\/2019\/01\/225-708x1024.jpg\" alt=\"\" class=\"wp-image-140\" srcset=\"https:\/\/villarichter.de\/wp-content\/uploads\/2019\/01\/225-708x1024.jpg 708w, https:\/\/villarichter.de\/wp-content\/uploads\/2019\/01\/225-207x300.jpg 207w, https:\/\/villarichter.de\/wp-content\/uploads\/2019\/01\/225-768x1111.jpg 768w, https:\/\/villarichter.de\/wp-content\/uploads\/2019\/01\/225.jpg 1037w\" sizes=\"(max-width: 708px) 100vw, 708px\" \/><figcaption class=\"wp-element-caption\">Bericht im Teckboten (Tageszeitung)<\/figcaption><\/figure>\n\n\n\n<figure class=\"wp-block-image size-large\"><img loading=\"lazy\" decoding=\"async\" width=\"1024\" height=\"683\" data-id=\"141\" src=\"https:\/\/villarichter.de\/wp-content\/uploads\/2019\/01\/246-1024x683.jpg\" alt=\"\" class=\"wp-image-141\" srcset=\"https:\/\/villarichter.de\/wp-content\/uploads\/2019\/01\/246-1024x683.jpg 1024w, https:\/\/villarichter.de\/wp-content\/uploads\/2019\/01\/246-300x200.jpg 300w, https:\/\/villarichter.de\/wp-content\/uploads\/2019\/01\/246-768x512.jpg 768w, https:\/\/villarichter.de\/wp-content\/uploads\/2019\/01\/246.jpg 1500w\" sizes=\"(max-width: 1024px) 100vw, 1024px\" \/><\/figure>\n\n\n\n<figure class=\"wp-block-image size-large\"><img loading=\"lazy\" decoding=\"async\" width=\"1024\" height=\"683\" data-id=\"142\" src=\"https:\/\/villarichter.de\/wp-content\/uploads\/2019\/01\/238a-1024x683.jpg\" alt=\"\" class=\"wp-image-142\" srcset=\"https:\/\/villarichter.de\/wp-content\/uploads\/2019\/01\/238a-1024x683.jpg 1024w, https:\/\/villarichter.de\/wp-content\/uploads\/2019\/01\/238a-300x200.jpg 300w, https:\/\/villarichter.de\/wp-content\/uploads\/2019\/01\/238a-768x512.jpg 768w, https:\/\/villarichter.de\/wp-content\/uploads\/2019\/01\/238a.jpg 1500w\" sizes=\"(max-width: 1024px) 100vw, 1024px\" \/><figcaption class=\"wp-element-caption\">Ui&#8230;. Schafe<\/figcaption><\/figure>\n\n\n\n<figure class=\"wp-block-image size-large\"><img loading=\"lazy\" decoding=\"async\" width=\"1024\" height=\"683\" data-id=\"143\" src=\"https:\/\/villarichter.de\/wp-content\/uploads\/2019\/01\/257-1024x683.jpg\" alt=\"\" class=\"wp-image-143\" srcset=\"https:\/\/villarichter.de\/wp-content\/uploads\/2019\/01\/257-1024x683.jpg 1024w, https:\/\/villarichter.de\/wp-content\/uploads\/2019\/01\/257-300x200.jpg 300w, https:\/\/villarichter.de\/wp-content\/uploads\/2019\/01\/257-768x512.jpg 768w, https:\/\/villarichter.de\/wp-content\/uploads\/2019\/01\/257.jpg 1500w\" sizes=\"(max-width: 1024px) 100vw, 1024px\" \/><\/figure>\n\n\n\n<figure class=\"wp-block-image size-large\"><img loading=\"lazy\" decoding=\"async\" width=\"1024\" height=\"683\" data-id=\"144\" src=\"https:\/\/villarichter.de\/wp-content\/uploads\/2019\/01\/272-1024x683.jpg\" alt=\"\" class=\"wp-image-144\" srcset=\"https:\/\/villarichter.de\/wp-content\/uploads\/2019\/01\/272-1024x683.jpg 1024w, https:\/\/villarichter.de\/wp-content\/uploads\/2019\/01\/272-300x200.jpg 300w, https:\/\/villarichter.de\/wp-content\/uploads\/2019\/01\/272-768x512.jpg 768w, https:\/\/villarichter.de\/wp-content\/uploads\/2019\/01\/272.jpg 1500w\" sizes=\"(max-width: 1024px) 100vw, 1024px\" \/><\/figure>\n\n\n\n<figure class=\"wp-block-image size-large\"><img loading=\"lazy\" decoding=\"async\" width=\"1024\" height=\"683\" data-id=\"145\" src=\"https:\/\/villarichter.de\/wp-content\/uploads\/2019\/01\/310-1024x683.jpg\" alt=\"\" class=\"wp-image-145\" srcset=\"https:\/\/villarichter.de\/wp-content\/uploads\/2019\/01\/310-1024x683.jpg 1024w, https:\/\/villarichter.de\/wp-content\/uploads\/2019\/01\/310-300x200.jpg 300w, https:\/\/villarichter.de\/wp-content\/uploads\/2019\/01\/310-768x512.jpg 768w, https:\/\/villarichter.de\/wp-content\/uploads\/2019\/01\/310.jpg 1500w\" sizes=\"(max-width: 1024px) 100vw, 1024px\" \/><\/figure>\n\n\n\n<figure class=\"wp-block-image size-large\"><img loading=\"lazy\" decoding=\"async\" width=\"1024\" height=\"683\" data-id=\"146\" src=\"https:\/\/villarichter.de\/wp-content\/uploads\/2019\/01\/313-1024x683.jpg\" alt=\"\" class=\"wp-image-146\" srcset=\"https:\/\/villarichter.de\/wp-content\/uploads\/2019\/01\/313-1024x683.jpg 1024w, https:\/\/villarichter.de\/wp-content\/uploads\/2019\/01\/313-300x200.jpg 300w, https:\/\/villarichter.de\/wp-content\/uploads\/2019\/01\/313-768x512.jpg 768w, https:\/\/villarichter.de\/wp-content\/uploads\/2019\/01\/313.jpg 1500w\" sizes=\"(max-width: 1024px) 100vw, 1024px\" \/><\/figure>\n\n\n\n<figure class=\"wp-block-image size-large\"><img loading=\"lazy\" decoding=\"async\" width=\"1024\" height=\"603\" data-id=\"147\" src=\"https:\/\/villarichter.de\/wp-content\/uploads\/2019\/01\/333-1024x603.jpg\" alt=\"\" class=\"wp-image-147\" srcset=\"https:\/\/villarichter.de\/wp-content\/uploads\/2019\/01\/333-1024x603.jpg 1024w, https:\/\/villarichter.de\/wp-content\/uploads\/2019\/01\/333-300x177.jpg 300w, https:\/\/villarichter.de\/wp-content\/uploads\/2019\/01\/333-768x452.jpg 768w, https:\/\/villarichter.de\/wp-content\/uploads\/2019\/01\/333.jpg 1500w\" sizes=\"(max-width: 1024px) 100vw, 1024px\" \/><figcaption class=\"wp-element-caption\">im Hochbett<\/figcaption><\/figure>\n\n\n\n<figure class=\"wp-block-image size-large\"><img loading=\"lazy\" decoding=\"async\" width=\"1024\" height=\"683\" data-id=\"148\" src=\"https:\/\/villarichter.de\/wp-content\/uploads\/2019\/01\/342-1024x683.jpg\" alt=\"\" class=\"wp-image-148\" srcset=\"https:\/\/villarichter.de\/wp-content\/uploads\/2019\/01\/342-1024x683.jpg 1024w, https:\/\/villarichter.de\/wp-content\/uploads\/2019\/01\/342-300x200.jpg 300w, https:\/\/villarichter.de\/wp-content\/uploads\/2019\/01\/342-768x512.jpg 768w, https:\/\/villarichter.de\/wp-content\/uploads\/2019\/01\/342.jpg 1500w\" sizes=\"(max-width: 1024px) 100vw, 1024px\" \/><\/figure>\n\n\n\n<figure class=\"wp-block-image size-large\"><img loading=\"lazy\" decoding=\"async\" width=\"768\" height=\"1024\" data-id=\"149\" src=\"https:\/\/villarichter.de\/wp-content\/uploads\/2019\/01\/358a-768x1024.jpg\" alt=\"\" class=\"wp-image-149\" srcset=\"https:\/\/villarichter.de\/wp-content\/uploads\/2019\/01\/358a-768x1024.jpg 768w, https:\/\/villarichter.de\/wp-content\/uploads\/2019\/01\/358a-225x300.jpg 225w, https:\/\/villarichter.de\/wp-content\/uploads\/2019\/01\/358a.jpg 1125w\" sizes=\"(max-width: 768px) 100vw, 768px\" \/><figcaption class=\"wp-element-caption\">auf Tour<\/figcaption><\/figure>\n\n\n\n<figure class=\"wp-block-image size-large\"><img loading=\"lazy\" decoding=\"async\" width=\"1024\" height=\"683\" data-id=\"150\" src=\"https:\/\/villarichter.de\/wp-content\/uploads\/2019\/01\/392-1024x683.jpg\" alt=\"\" class=\"wp-image-150\" srcset=\"https:\/\/villarichter.de\/wp-content\/uploads\/2019\/01\/392-1024x683.jpg 1024w, https:\/\/villarichter.de\/wp-content\/uploads\/2019\/01\/392-300x200.jpg 300w, https:\/\/villarichter.de\/wp-content\/uploads\/2019\/01\/392-768x512.jpg 768w, https:\/\/villarichter.de\/wp-content\/uploads\/2019\/01\/392.jpg 1500w\" sizes=\"(max-width: 1024px) 100vw, 1024px\" \/><figcaption class=\"wp-element-caption\">Blick aus der Station<\/figcaption><\/figure>\n\n\n\n<figure class=\"wp-block-image size-large\"><img loading=\"lazy\" decoding=\"async\" width=\"1024\" height=\"683\" data-id=\"151\" src=\"https:\/\/villarichter.de\/wp-content\/uploads\/2019\/01\/415-1024x683.jpg\" alt=\"\" class=\"wp-image-151\" srcset=\"https:\/\/villarichter.de\/wp-content\/uploads\/2019\/01\/415-1024x683.jpg 1024w, https:\/\/villarichter.de\/wp-content\/uploads\/2019\/01\/415-300x200.jpg 300w, https:\/\/villarichter.de\/wp-content\/uploads\/2019\/01\/415-768x512.jpg 768w, https:\/\/villarichter.de\/wp-content\/uploads\/2019\/01\/415.jpg 1500w\" sizes=\"(max-width: 1024px) 100vw, 1024px\" \/><figcaption class=\"wp-element-caption\">Messe Friedrichshafen<\/figcaption><\/figure>\n\n\n\n<figure class=\"wp-block-image size-large\"><img loading=\"lazy\" decoding=\"async\" width=\"1024\" height=\"683\" data-id=\"152\" src=\"https:\/\/villarichter.de\/wp-content\/uploads\/2019\/01\/427-1024x683.jpg\" alt=\"\" class=\"wp-image-152\" srcset=\"https:\/\/villarichter.de\/wp-content\/uploads\/2019\/01\/427-1024x683.jpg 1024w, https:\/\/villarichter.de\/wp-content\/uploads\/2019\/01\/427-300x200.jpg 300w, https:\/\/villarichter.de\/wp-content\/uploads\/2019\/01\/427-768x512.jpg 768w, https:\/\/villarichter.de\/wp-content\/uploads\/2019\/01\/427.jpg 1500w\" sizes=\"(max-width: 1024px) 100vw, 1024px\" \/><figcaption class=\"wp-element-caption\">Bei der Arbeit<\/figcaption><\/figure>\n\n\n\n<figure class=\"wp-block-image size-large\"><img loading=\"lazy\" decoding=\"async\" width=\"1024\" height=\"683\" data-id=\"153\" src=\"https:\/\/villarichter.de\/wp-content\/uploads\/2019\/01\/429-1024x683.jpg\" alt=\"\" class=\"wp-image-153\" srcset=\"https:\/\/villarichter.de\/wp-content\/uploads\/2019\/01\/429-1024x683.jpg 1024w, https:\/\/villarichter.de\/wp-content\/uploads\/2019\/01\/429-300x200.jpg 300w, https:\/\/villarichter.de\/wp-content\/uploads\/2019\/01\/429-768x512.jpg 768w, https:\/\/villarichter.de\/wp-content\/uploads\/2019\/01\/429.jpg 1500w\" sizes=\"(max-width: 1024px) 100vw, 1024px\" \/><\/figure>\n\n\n\n<figure class=\"wp-block-image size-large\"><img loading=\"lazy\" decoding=\"async\" width=\"1024\" height=\"683\" data-id=\"154\" src=\"https:\/\/villarichter.de\/wp-content\/uploads\/2019\/01\/452-1024x683.jpg\" alt=\"\" class=\"wp-image-154\" srcset=\"https:\/\/villarichter.de\/wp-content\/uploads\/2019\/01\/452-1024x683.jpg 1024w, https:\/\/villarichter.de\/wp-content\/uploads\/2019\/01\/452-300x200.jpg 300w, https:\/\/villarichter.de\/wp-content\/uploads\/2019\/01\/452-768x512.jpg 768w, https:\/\/villarichter.de\/wp-content\/uploads\/2019\/01\/452.jpg 1500w\" sizes=\"(max-width: 1024px) 100vw, 1024px\" \/><\/figure>\n\n\n\n<figure class=\"wp-block-image size-large\"><img loading=\"lazy\" decoding=\"async\" width=\"1024\" height=\"683\" data-id=\"155\" src=\"https:\/\/villarichter.de\/wp-content\/uploads\/2019\/01\/453-1024x683.jpg\" alt=\"\" class=\"wp-image-155\" srcset=\"https:\/\/villarichter.de\/wp-content\/uploads\/2019\/01\/453-1024x683.jpg 1024w, https:\/\/villarichter.de\/wp-content\/uploads\/2019\/01\/453-300x200.jpg 300w, https:\/\/villarichter.de\/wp-content\/uploads\/2019\/01\/453-768x512.jpg 768w, https:\/\/villarichter.de\/wp-content\/uploads\/2019\/01\/453.jpg 1500w\" sizes=\"(max-width: 1024px) 100vw, 1024px\" \/><\/figure>\n\n\n\n<figure class=\"wp-block-image size-large\"><img loading=\"lazy\" decoding=\"async\" width=\"1024\" height=\"683\" data-id=\"156\" src=\"https:\/\/villarichter.de\/wp-content\/uploads\/2019\/01\/HJR-5D2-44604-1024x683.jpg\" alt=\"\" class=\"wp-image-156\" srcset=\"https:\/\/villarichter.de\/wp-content\/uploads\/2019\/01\/HJR-5D2-44604-1024x683.jpg 1024w, https:\/\/villarichter.de\/wp-content\/uploads\/2019\/01\/HJR-5D2-44604-300x200.jpg 300w, https:\/\/villarichter.de\/wp-content\/uploads\/2019\/01\/HJR-5D2-44604-768x512.jpg 768w, https:\/\/villarichter.de\/wp-content\/uploads\/2019\/01\/HJR-5D2-44604.jpg 1500w\" sizes=\"(max-width: 1024px) 100vw, 1024px\" \/><\/figure>\n\n\n\n<figure class=\"wp-block-image size-large\"><img loading=\"lazy\" decoding=\"async\" width=\"1024\" height=\"683\" data-id=\"157\" src=\"https:\/\/villarichter.de\/wp-content\/uploads\/2019\/01\/IMG_7074-1024x683.jpg\" alt=\"\" class=\"wp-image-157\" srcset=\"https:\/\/villarichter.de\/wp-content\/uploads\/2019\/01\/IMG_7074-1024x683.jpg 1024w, https:\/\/villarichter.de\/wp-content\/uploads\/2019\/01\/IMG_7074-300x200.jpg 300w, https:\/\/villarichter.de\/wp-content\/uploads\/2019\/01\/IMG_7074-768x512.jpg 768w, https:\/\/villarichter.de\/wp-content\/uploads\/2019\/01\/IMG_7074.jpg 1500w\" sizes=\"(max-width: 1024px) 100vw, 1024px\" \/><figcaption class=\"wp-element-caption\">20 Jahre Villarichter! 20 Gr\u00fcnde zum Feiern! <\/figcaption><\/figure>\n<\/figure>\n","protected":false},"excerpt":{"rendered":"<p>Bissingen an der Teck, am Fu\u00dfe der schw\u00e4bischen Alb, ist der ideale Ausgangspunkt, um am n\u00e4chsten Tag auf die schw\u00e4bische Alb zu reiten. Da meine Pferde in der Regel von Anfang Mai bis Ende September ganzt\u00e4gig auf meinen ca. 2,2 Ha Weiden leben, steht der Offenstall am Haus leer. Dieser besteht aus einem Innenstall, davor&hellip;<\/p>\n","protected":false},"author":1,"featured_media":0,"parent":0,"menu_order":0,"comment_status":"closed","ping_status":"closed","template":"","meta":{"ngg_post_thumbnail":0,"footnotes":""},"_links":{"self":[{"href":"https:\/\/villarichter.de\/index.php?rest_route=\/wp\/v2\/pages\/38"}],"collection":[{"href":"https:\/\/villarichter.de\/index.php?rest_route=\/wp\/v2\/pages"}],"about":[{"href":"https:\/\/villarichter.de\/index.php?rest_route=\/wp\/v2\/types\/page"}],"author":[{"embeddable":true,"href":"https:\/\/villarichter.de\/index.php?rest_route=\/wp\/v2\/users\/1"}],"replies":[{"embeddable":true,"href":"https:\/\/villarichter.de\/index.php?rest_route=%2Fwp%2Fv2%2Fcomments&post=38"}],"version-history":[{"count":17,"href":"https:\/\/villarichter.de\/index.php?rest_route=\/wp\/v2\/pages\/38\/revisions"}],"predecessor-version":[{"id":481,"href":"https:\/\/villarichter.de\/index.php?rest_route=\/wp\/v2\/pages\/38\/revisions\/481"}],"wp:attachment":[{"href":"https:\/\/villarichter.de\/index.php?rest_route=%2Fwp%2Fv2%2Fmedia&parent=38"}],"curies":[{"name":"wp","href":"https:\/\/api.w.org\/{rel}","templated":true}]}}