{"id":345,"date":"2024-05-24T18:00:57","date_gmt":"2024-05-24T18:00:57","guid":{"rendered":"https:\/\/villarichter.de\/?page_id=345"},"modified":"2024-05-27T07:21:52","modified_gmt":"2024-05-27T07:21:52","slug":"verzwirnte-garne","status":"publish","type":"page","link":"https:\/\/villarichter.de\/?page_id=345","title":{"rendered":"Verzwirnte Garne"},"content":{"rendered":"\n<p>F\u00fcr 50 g fertige Wolle mit den Schritten waschen, f\u00e4rben, zupfen, kardieren, spinnen, verzwirnen, baden, ben\u00f6tige ich zwischen 10 und 12 Stunden. <br>100 g kosten deswegen 50,00 Euro.<\/p>\n\n\n\n\t<div class='ngg-imagebrowser default-view'\n\t\tid='ngg-imagebrowser-335218fc1be16957c8a27c0e6fd1d0e0-345'\n\t\tdata-nextgen-gallery-id=\"335218fc1be16957c8a27c0e6fd1d0e0\">\n\n\t\t<h3>GelbBlauGruenSockenWolle<\/h3>\n\n\t\t<div id=\"ngg-image-0\" class=\"pic\" \n\t\t\t\t\t>\n\t\t<a href='https:\/\/villarichter.de\/wp-content\/gallery\/verzwirntegarne\/GelbBlauGruenSockenWolle.jpg'\n\t\t\ttitle=' '\n\t\t\tdata-src=\"https:\/\/villarichter.de\/wp-content\/gallery\/verzwirntegarne\/GelbBlauGruenSockenWolle.jpg\"\n\t\t\tdata-thumbnail=\"https:\/\/villarichter.de\/wp-content\/gallery\/verzwirntegarne\/thumbs\/thumbs-GelbBlauGruenSockenWolle.jpg\"\n\t\t\tdata-image-id=\"20\"\n\t\t\tdata-title=\"GelbBlauGruenSockenWolle\"\n\t\t\tdata-description=\" \"\n\t\t\tclass=\"ngg-simplelightbox\" rel=\"335218fc1be16957c8a27c0e6fd1d0e0\">\n\t\t\t<img title='GelbBlauGruenSockenWolle'\n\t\t\t\talt='GelbBlauGruenSockenWolle'\n\t\t\t\tsrc='https:\/\/villarichter.de\/wp-content\/gallery\/verzwirntegarne\/GelbBlauGruenSockenWolle.jpg'\/>\n\t\t<\/a>\n\t\t\n\t\t<\/div>\n\t\t<div class='ngg-imagebrowser-nav'>\n\n\t\t\t<div class='back'>\n\t\t\t\t<a class='ngg-browser-prev'\n\t\t\t\t\tid='ngg-prev-91'\n\t\t\t\t\thref='https:\/\/villarichter.de\/index.php\/nggallery\/image\/braunrotmeliert?page_id=345'>\n\t\t\t\t\t<i class=\"fa fa-chevron-left\" aria-hidden=\"true\"><\/i>\n\t\t\t\t<\/a>\n\t\t\t<\/div>\n\n\t\t\t<div class='next'>\n\t\t\t\t<a class='ngg-browser-next'\n\t\t\t\t\tid='ngg-next-21'\n\t\t\t\t\thref='https:\/\/villarichter.de\/index.php\/nggallery\/image\/graubraunweissnaturmeliert?page_id=345'>\n\t\t\t\t\t<i class=\"fa fa-chevron-right\" aria-hidden=\"true\"><\/i>\n\t\t\t\t<\/a>\n\t\t\t<\/div>\n\n\t\t\t<div class='counter'>\n\t\t\t\tBild\t\t\t\t1\t\t\t\tvon\t\t\t\t9\t\t\t<\/div>\n\n\t\t\t<div class='ngg-imagebrowser-desc'>\n\t\t\t\t<p> <\/p>\n\t\t\t<\/div>\n\n\t\t<\/div>\n\t<\/div>\n\n","protected":false},"excerpt":{"rendered":"<p>F\u00fcr 50 g fertige Wolle mit den Schritten waschen, f\u00e4rben, zupfen, kardieren, spinnen, verzwirnen, baden, ben\u00f6tige ich zwischen 10 und 12 Stunden. 100 g kosten deswegen 50,00 Euro.<\/p>\n","protected":false},"author":1,"featured_media":0,"parent":0,"menu_order":0,"comment_status":"closed","ping_status":"closed","template":"","meta":{"ngg_post_thumbnail":0,"footnotes":""},"_links":{"self":[{"href":"https:\/\/villarichter.de\/index.php?rest_route=\/wp\/v2\/pages\/345"}],"collection":[{"href":"https:\/\/villarichter.de\/index.php?rest_route=\/wp\/v2\/pages"}],"about":[{"href":"https:\/\/villarichter.de\/index.php?rest_route=\/wp\/v2\/types\/page"}],"author":[{"embeddable":true,"href":"https:\/\/villarichter.de\/index.php?rest_route=\/wp\/v2\/users\/1"}],"replies":[{"embeddable":true,"href":"https:\/\/villarichter.de\/index.php?rest_route=%2Fwp%2Fv2%2Fcomments&post=345"}],"version-history":[{"count":7,"href":"https:\/\/villarichter.de\/index.php?rest_route=\/wp\/v2\/pages\/345\/revisions"}],"predecessor-version":[{"id":420,"href":"https:\/\/villarichter.de\/index.php?rest_route=\/wp\/v2\/pages\/345\/revisions\/420"}],"wp:attachment":[{"href":"https:\/\/villarichter.de\/index.php?rest_route=%2Fwp%2Fv2%2Fmedia&parent=345"}],"curies":[{"name":"wp","href":"https:\/\/api.w.org\/{rel}","templated":true}]}}