{"id":338,"date":"2024-05-24T17:57:57","date_gmt":"2024-05-24T17:57:57","guid":{"rendered":"https:\/\/villarichter.de\/?page_id=338"},"modified":"2024-05-26T15:22:24","modified_gmt":"2024-05-26T15:22:24","slug":"fertige-garne-handgesponnen","status":"publish","type":"page","link":"https:\/\/villarichter.de\/?page_id=338","title":{"rendered":"Fertige Garne, handgesponnen"},"content":{"rendered":"\n<p>&#8222;Spinnen ist magisch&#8220;<br>&#8230; und genau deswegen kann ich nicht mehr aufh\u00f6ren zu spinnen. Die viele Wolle kann ich garnicht mehr alleine verarbeiten und deswegen biete ich sie hier an. Gerne spinne ich auch nach Auftrag. Sprich Ihr k\u00f6nnte Euch verschiedene Wollen aussuchen, die ich f\u00fcr Euch verspinne. Oder ich spinne auch gerne Eure Hunde- oder Katzenwolle, damit Ihr noch ein sch\u00f6nes Andenken an Euren vierbeinigen Freund habt. Ich liefere meine Garne im Strang, wolleschonender, aus. Meldet Euch einfach bei mir, wenn Ihr irgendwelche W\u00fcnsche und Fragen habt!<\/p>\n\n\n\n<p>Singlegarne (einf\u00e4dige Garne): 100 g 40,00 Euro<br>Verzwirnte (mehrf\u00e4dige) Garne: 100 g 50,00 Euro<\/p>\n\n\n\n<p><\/p>\n\n\n\n<p><\/p>\n","protected":false},"excerpt":{"rendered":"<p>&#8222;Spinnen ist magisch&#8220;&#8230; und genau deswegen kann ich nicht mehr aufh\u00f6ren zu spinnen. Die viele Wolle kann ich garnicht mehr alleine verarbeiten und deswegen biete ich sie hier an. Gerne spinne ich auch nach Auftrag. Sprich Ihr k\u00f6nnte Euch verschiedene Wollen aussuchen, die ich f\u00fcr Euch verspinne. Oder ich spinne auch gerne Eure Hunde- oder&hellip;<\/p>\n","protected":false},"author":1,"featured_media":0,"parent":0,"menu_order":0,"comment_status":"closed","ping_status":"closed","template":"","meta":{"ngg_post_thumbnail":0,"footnotes":""},"_links":{"self":[{"href":"https:\/\/villarichter.de\/index.php?rest_route=\/wp\/v2\/pages\/338"}],"collection":[{"href":"https:\/\/villarichter.de\/index.php?rest_route=\/wp\/v2\/pages"}],"about":[{"href":"https:\/\/villarichter.de\/index.php?rest_route=\/wp\/v2\/types\/page"}],"author":[{"embeddable":true,"href":"https:\/\/villarichter.de\/index.php?rest_route=\/wp\/v2\/users\/1"}],"replies":[{"embeddable":true,"href":"https:\/\/villarichter.de\/index.php?rest_route=%2Fwp%2Fv2%2Fcomments&post=338"}],"version-history":[{"count":2,"href":"https:\/\/villarichter.de\/index.php?rest_route=\/wp\/v2\/pages\/338\/revisions"}],"predecessor-version":[{"id":385,"href":"https:\/\/villarichter.de\/index.php?rest_route=\/wp\/v2\/pages\/338\/revisions\/385"}],"wp:attachment":[{"href":"https:\/\/villarichter.de\/index.php?rest_route=%2Fwp%2Fv2%2Fmedia&parent=338"}],"curies":[{"name":"wp","href":"https:\/\/api.w.org\/{rel}","templated":true}]}}