{"id":284,"date":"2024-05-22T20:37:04","date_gmt":"2024-05-22T20:37:04","guid":{"rendered":"https:\/\/villarichter.de\/?page_id=284"},"modified":"2024-05-24T20:36:29","modified_gmt":"2024-05-24T20:36:29","slug":"gewaschene-rohwolle-natur-und-gefaerbt","status":"publish","type":"page","link":"https:\/\/villarichter.de\/?page_id=284","title":{"rendered":"Gewaschene Rohwolle natur und gef\u00e4rbt"},"content":{"rendered":"\n<p>Meine Rohwolle wird mit Potasche (teilweise selbst hergestellt) gewaschen und auf 70 &#8211; 80 Grad f\u00fcr ca. 60 Minuten erhitzt. Ich achte sehr darauf die Wolle nur &#8222;hineinzulegen&#8220; und nicht viel zu bewegen, dass ich das Filzen vermeide. Sie muss jedoch nach dem Trocknen noch gezupft werden oder mit dem Wollpicker bearbeitet werden. <br>Desweiteren f\u00e4rbe ich nur mit Naturprodukten, am allerliebsten mit Pflanzen, die ich selbst sammle oder pfl\u00fccke. <br>Zur Zeit stehen folgende gewaschenen Rohwollen zur Verf\u00fcgung:<br>Rh\u00f6nschaf und Merino<br>Naturwei\u00df und naturbraun: 100 g 0,60 Euro, 1 Kg 6,00 Euro<br>gef\u00e4rbt mit Zwiebelschalen, Cochenille und Brennessel: 100 g 1,00 Euro, 1 Kg 10,00 Euro<br><\/p>\n\n\n\n<!-- default-view.php -->\n<div\n\tclass=\"ngg-galleryoverview default-view \n\t\t\"\n\tid=\"ngg-gallery-f1f741e13e23f065fd7e0bcdc6e3989d-1\">\n\n\t\t<!-- Thumbnails -->\n\t\t\t\t<div id=\"ngg-image-0\" class=\"ngg-gallery-thumbnail-box \n\t\t\t\t\t\t\t\t\t\t\t\" \n\t\t\t>\n\t\t\t\t\t\t<div class=\"ngg-gallery-thumbnail\">\n\t\t\t<a href=\"https:\/\/villarichter.de\/wp-content\/gallery\/rohwolle\/Ergebnis.jpg\"\n\t\t\t\ttitle=\"\"\n\t\t\t\tdata-src=\"https:\/\/villarichter.de\/wp-content\/gallery\/rohwolle\/Ergebnis.jpg\"\n\t\t\t\tdata-thumbnail=\"https:\/\/villarichter.de\/wp-content\/gallery\/rohwolle\/thumbs\/thumbs-Ergebnis.jpg\"\n\t\t\t\tdata-image-id=\"4\"\n\t\t\t\tdata-title=\"Ergebnis\"\n\t\t\t\tdata-description=\"\"\n\t\t\t\tdata-image-slug=\"ergebnis\"\n\t\t\t\tclass=\"ngg-simplelightbox\" rel=\"f1f741e13e23f065fd7e0bcdc6e3989d\">\n\t\t\t\t<img\n\t\t\t\t\ttitle=\"Ergebnis\"\n\t\t\t\t\talt=\"Ergebnis\"\n\t\t\t\t\tsrc=\"https:\/\/villarichter.de\/wp-content\/gallery\/rohwolle\/thumbs\/thumbs-Ergebnis.jpg\"\n\t\t\t\t\twidth=\"240\"\n\t\t\t\t\theight=\"160\"\n\t\t\t\t\tstyle=\"max-width:100%;\"\n\t\t\t\t\/>\n\t\t\t<\/a>\n\t\t<\/div>\n\t\t\t\t\t\t\t<\/div> \n\t\t\t\n\t\t\t\t<div id=\"ngg-image-1\" class=\"ngg-gallery-thumbnail-box \n\t\t\t\t\t\t\t\t\t\t\t\" \n\t\t\t>\n\t\t\t\t\t\t<div class=\"ngg-gallery-thumbnail\">\n\t\t\t<a href=\"https:\/\/villarichter.de\/wp-content\/gallery\/rohwolle\/Zwiebeln.jpg\"\n\t\t\t\ttitle=\"\"\n\t\t\t\tdata-src=\"https:\/\/villarichter.de\/wp-content\/gallery\/rohwolle\/Zwiebeln.jpg\"\n\t\t\t\tdata-thumbnail=\"https:\/\/villarichter.de\/wp-content\/gallery\/rohwolle\/thumbs\/thumbs-Zwiebeln.jpg\"\n\t\t\t\tdata-image-id=\"5\"\n\t\t\t\tdata-title=\"Zwiebeln\"\n\t\t\t\tdata-description=\"\"\n\t\t\t\tdata-image-slug=\"zwiebeln\"\n\t\t\t\tclass=\"ngg-simplelightbox\" rel=\"f1f741e13e23f065fd7e0bcdc6e3989d\">\n\t\t\t\t<img\n\t\t\t\t\ttitle=\"Zwiebeln\"\n\t\t\t\t\talt=\"Zwiebeln\"\n\t\t\t\t\tsrc=\"https:\/\/villarichter.de\/wp-content\/gallery\/rohwolle\/thumbs\/thumbs-Zwiebeln.jpg\"\n\t\t\t\t\twidth=\"240\"\n\t\t\t\t\theight=\"160\"\n\t\t\t\t\tstyle=\"max-width:100%;\"\n\t\t\t\t\/>\n\t\t\t<\/a>\n\t\t<\/div>\n\t\t\t\t\t\t\t<\/div> \n\t\t\t\n\t\t\t\t<div id=\"ngg-image-2\" class=\"ngg-gallery-thumbnail-box \n\t\t\t\t\t\t\t\t\t\t\t\" \n\t\t\t>\n\t\t\t\t\t\t<div class=\"ngg-gallery-thumbnail\">\n\t\t\t<a href=\"https:\/\/villarichter.de\/wp-content\/gallery\/rohwolle\/ZwiebelVarianten.jpg\"\n\t\t\t\ttitle=\"\"\n\t\t\t\tdata-src=\"https:\/\/villarichter.de\/wp-content\/gallery\/rohwolle\/ZwiebelVarianten.jpg\"\n\t\t\t\tdata-thumbnail=\"https:\/\/villarichter.de\/wp-content\/gallery\/rohwolle\/thumbs\/thumbs-ZwiebelVarianten.jpg\"\n\t\t\t\tdata-image-id=\"6\"\n\t\t\t\tdata-title=\"ZwiebelVarianten\"\n\t\t\t\tdata-description=\"\"\n\t\t\t\tdata-image-slug=\"zwiebelvarianten\"\n\t\t\t\tclass=\"ngg-simplelightbox\" rel=\"f1f741e13e23f065fd7e0bcdc6e3989d\">\n\t\t\t\t<img\n\t\t\t\t\ttitle=\"ZwiebelVarianten\"\n\t\t\t\t\talt=\"ZwiebelVarianten\"\n\t\t\t\t\tsrc=\"https:\/\/villarichter.de\/wp-content\/gallery\/rohwolle\/thumbs\/thumbs-ZwiebelVarianten.jpg\"\n\t\t\t\t\twidth=\"240\"\n\t\t\t\t\theight=\"160\"\n\t\t\t\t\tstyle=\"max-width:100%;\"\n\t\t\t\t\/>\n\t\t\t<\/a>\n\t\t<\/div>\n\t\t\t\t\t\t\t<\/div> \n\t\t\t\n\t\t\t\t<div id=\"ngg-image-3\" class=\"ngg-gallery-thumbnail-box \n\t\t\t\t\t\t\t\t\t\t\t\" \n\t\t\t>\n\t\t\t\t\t\t<div class=\"ngg-gallery-thumbnail\">\n\t\t\t<a href=\"https:\/\/villarichter.de\/wp-content\/gallery\/rohwolle\/CochenilleVarianten1.jpg\"\n\t\t\t\ttitle=\"\"\n\t\t\t\tdata-src=\"https:\/\/villarichter.de\/wp-content\/gallery\/rohwolle\/CochenilleVarianten1.jpg\"\n\t\t\t\tdata-thumbnail=\"https:\/\/villarichter.de\/wp-content\/gallery\/rohwolle\/thumbs\/thumbs-CochenilleVarianten1.jpg\"\n\t\t\t\tdata-image-id=\"7\"\n\t\t\t\tdata-title=\"CochenilleVarianten1\"\n\t\t\t\tdata-description=\"\"\n\t\t\t\tdata-image-slug=\"cochenillevarianten1\"\n\t\t\t\tclass=\"ngg-simplelightbox\" rel=\"f1f741e13e23f065fd7e0bcdc6e3989d\">\n\t\t\t\t<img\n\t\t\t\t\ttitle=\"CochenilleVarianten1\"\n\t\t\t\t\talt=\"CochenilleVarianten1\"\n\t\t\t\t\tsrc=\"https:\/\/villarichter.de\/wp-content\/gallery\/rohwolle\/thumbs\/thumbs-CochenilleVarianten1.jpg\"\n\t\t\t\t\twidth=\"240\"\n\t\t\t\t\theight=\"160\"\n\t\t\t\t\tstyle=\"max-width:100%;\"\n\t\t\t\t\/>\n\t\t\t<\/a>\n\t\t<\/div>\n\t\t\t\t\t\t\t<\/div> \n\t\t\t\n\t\n\t<br style=\"clear: both\" \/>\n\n\t\n\t\t<!-- Pagination -->\n\t\t<div class='ngg-clear'><\/div>\t<\/div>\n\n","protected":false},"excerpt":{"rendered":"<p>Meine Rohwolle wird mit Potasche (teilweise selbst hergestellt) gewaschen und auf 70 &#8211; 80 Grad f\u00fcr ca. 60 Minuten erhitzt. Ich achte sehr darauf die Wolle nur &#8222;hineinzulegen&#8220; und nicht viel zu bewegen, dass ich das Filzen vermeide. Sie muss jedoch nach dem Trocknen noch gezupft werden oder mit dem Wollpicker bearbeitet werden. Desweiteren f\u00e4rbe&hellip;<\/p>\n","protected":false},"author":1,"featured_media":0,"parent":0,"menu_order":0,"comment_status":"closed","ping_status":"closed","template":"","meta":{"ngg_post_thumbnail":0,"footnotes":""},"_links":{"self":[{"href":"https:\/\/villarichter.de\/index.php?rest_route=\/wp\/v2\/pages\/284"}],"collection":[{"href":"https:\/\/villarichter.de\/index.php?rest_route=\/wp\/v2\/pages"}],"about":[{"href":"https:\/\/villarichter.de\/index.php?rest_route=\/wp\/v2\/types\/page"}],"author":[{"embeddable":true,"href":"https:\/\/villarichter.de\/index.php?rest_route=\/wp\/v2\/users\/1"}],"replies":[{"embeddable":true,"href":"https:\/\/villarichter.de\/index.php?rest_route=%2Fwp%2Fv2%2Fcomments&post=284"}],"version-history":[{"count":5,"href":"https:\/\/villarichter.de\/index.php?rest_route=\/wp\/v2\/pages\/284\/revisions"}],"predecessor-version":[{"id":369,"href":"https:\/\/villarichter.de\/index.php?rest_route=\/wp\/v2\/pages\/284\/revisions\/369"}],"wp:attachment":[{"href":"https:\/\/villarichter.de\/index.php?rest_route=%2Fwp%2Fv2%2Fmedia&parent=284"}],"curies":[{"name":"wp","href":"https:\/\/api.w.org\/{rel}","templated":true}]}}