{"id":270,"date":"2024-05-22T11:55:28","date_gmt":"2024-05-22T11:55:28","guid":{"rendered":"https:\/\/villarichter.de\/?page_id=270"},"modified":"2024-05-24T18:13:19","modified_gmt":"2024-05-24T18:13:19","slug":"tatjanas-teck-wolle","status":"publish","type":"page","link":"https:\/\/villarichter.de\/?page_id=270","title":{"rendered":"Tatjana\u00b4s Teck-Wolle:"},"content":{"rendered":"\n<p>&#8222;Ich zeige Euch, wo meine Schafe stehen!&#8220;<\/p>\n\n\n\n<p>Wer kann das von seinen Kleidungsst\u00fccken behaupten? ICH! <\/p>\n\n\n\n<p>Hier entsteht gerade meine &#8222;Wolle-Seite&#8220;. Nach und nach werde ich meine s\u00e4mtlichen Produkte, angefangen von der ungewaschenen Rohwolle bis hin zum fertigen Produkt, wie Pullover, Socken oder M\u00fctze usw., einstellen. <br>Seit ca. 3 Jahren helfe ich Hobbysch\u00e4fern bei der Schur, bekomme daf\u00fcr das eine oder andere ungewaschene Vlies. Danach wasche, f\u00e4rbe, zupfe, kardiere, spinne, verzwirne, bade, verh\u00e4kle, verstricke oder verwebe ich es. <br>Alles reine Handarbeit und alles so nat\u00fcrlich wie m\u00f6glich. <br>Ich f\u00e4rbe nur mit Naturprodukten, am liebsten mit Produkten, die bei mir hier vor Ort wachsen, z. B. Brennnessel oder Brombeerbl\u00e4ttern (= sch\u00f6nes gr\u00fcn), unreifen Waln\u00fcssen (sehr sch\u00f6nes Rostbraun), Efeu (Gelb), Zwiebelschalen (gelb bis orange) usw. <br>Es k\u00f6nnen alle Prokukte in jeder Verarbeitungsstufe auch gekauft werden. <br>Alle Prokukte sind einzigartig oder Einzelteile, nachhaltig, regional (Transportwege unter 15 km). <br>Daf\u00fcr haben sie eben ihren Preis. <br>Es freut mich sehr, wenn es noch Leute gibt, die den Wert dieser Produkte erkennen und bereit sind, daf\u00fcr auch angemessenenes Geld zu bezahlen. Ich setze bei meinen Produkten einen Stundenlohn von 5,- Euro an. Der Rest zum Mindestlohn ist mein Idealismus und meine Freude am Spinnen und Herstellen von solch tollen Produkten&#8230; <br>Die Bestellung erfolgt per EMail: <a href=\"mailto:tatjana@villarichter.de\">tatjana@villarichter.de<\/a><br>Bitte schreibt mir eine EMail mit Euren W\u00fcnschen. Gerne nehme ich auch Auftragsarbeiten an, z. B. die Wolle Eures geliebten Hundes oder Katze verspinnen, spezielle Batts f\u00fcrs Spinnrad herzustellen usw. <br>Solltet Ihr Fragen haben, so schreibt mir, gerne beantworte ich alle Eure Fragen!<\/p>\n","protected":false},"excerpt":{"rendered":"<p>&#8222;Ich zeige Euch, wo meine Schafe stehen!&#8220; Wer kann das von seinen Kleidungsst\u00fccken behaupten? ICH! Hier entsteht gerade meine &#8222;Wolle-Seite&#8220;. Nach und nach werde ich meine s\u00e4mtlichen Produkte, angefangen von der ungewaschenen Rohwolle bis hin zum fertigen Produkt, wie Pullover, Socken oder M\u00fctze usw., einstellen. Seit ca. 3 Jahren helfe ich Hobbysch\u00e4fern bei der Schur,&hellip;<\/p>\n","protected":false},"author":1,"featured_media":0,"parent":0,"menu_order":0,"comment_status":"closed","ping_status":"closed","template":"","meta":{"ngg_post_thumbnail":0,"footnotes":""},"_links":{"self":[{"href":"https:\/\/villarichter.de\/index.php?rest_route=\/wp\/v2\/pages\/270"}],"collection":[{"href":"https:\/\/villarichter.de\/index.php?rest_route=\/wp\/v2\/pages"}],"about":[{"href":"https:\/\/villarichter.de\/index.php?rest_route=\/wp\/v2\/types\/page"}],"author":[{"embeddable":true,"href":"https:\/\/villarichter.de\/index.php?rest_route=\/wp\/v2\/users\/1"}],"replies":[{"embeddable":true,"href":"https:\/\/villarichter.de\/index.php?rest_route=%2Fwp%2Fv2%2Fcomments&post=270"}],"version-history":[{"count":3,"href":"https:\/\/villarichter.de\/index.php?rest_route=\/wp\/v2\/pages\/270\/revisions"}],"predecessor-version":[{"id":357,"href":"https:\/\/villarichter.de\/index.php?rest_route=\/wp\/v2\/pages\/270\/revisions\/357"}],"wp:attachment":[{"href":"https:\/\/villarichter.de\/index.php?rest_route=%2Fwp%2Fv2%2Fmedia&parent=270"}],"curies":[{"name":"wp","href":"https:\/\/api.w.org\/{rel}","templated":true}]}}